{"id":4500,"date":"2021-03-16T11:56:49","date_gmt":"2021-03-16T10:56:49","guid":{"rendered":"https:\/\/stage.zwyercaviar.com\/salmone\/"},"modified":"2021-03-16T11:56:49","modified_gmt":"2021-03-16T10:56:49","slug":"salmone","status":"publish","type":"page","link":"https:\/\/stage.zwyercaviar.com\/it\/salmone\/","title":{"rendered":"Salmone"},"content":{"rendered":"","protected":false},"excerpt":{"rendered":"","protected":false},"author":1,"featured_media":0,"parent":0,"menu_order":3,"comment_status":"closed","ping_status":"closed","template":"page-static-content.php","meta":[],"acf":[],"yoast_head":"<!-- This site is optimized with the Yoast SEO plugin v20.6 - https:\/\/yoast.com\/wordpress\/plugins\/seo\/ -->\n<title>ZwyerCaviar - Salmonik - Salmone d&#039;allevamento irlandese e scozzese<\/title>\n<meta name=\"description\" content=\"L&#039;alta qualit\u00e0 di Zwyer Salmonik stabilisce nuovi standard ed \u00e8 un complemento piacevole cos\u00ec come un&#039;alternativa a ZwyerCaviar.\" \/>\n<meta name=\"robots\" content=\"index, follow, max-snippet:-1, max-image-preview:large, max-video-preview:-1\" \/>\n<link rel=\"canonical\" href=\"https:\/\/stage.zwyercaviar.com\/it\/salmone\/\" \/>\n<meta property=\"og:locale\" content=\"it_IT\" \/>\n<meta property=\"og:type\" content=\"article\" \/>\n<meta property=\"og:title\" content=\"ZwyerCaviar - Salmonik - Salmone d&#039;allevamento irlandese e scozzese\" \/>\n<meta property=\"og:description\" content=\"L&#039;alta qualit\u00e0 di Zwyer Salmonik stabilisce nuovi standard ed \u00e8 un complemento piacevole cos\u00ec come un&#039;alternativa a ZwyerCaviar.\" \/>\n<meta property=\"og:url\" content=\"https:\/\/stage.zwyercaviar.com\/it\/salmone\/\" \/>\n<meta property=\"og:site_name\" content=\"ZwyerCaviar\" \/>\n<meta property=\"article:publisher\" content=\"https:\/\/www.facebook.com\/zwyercaviarag\/\" \/>\n<meta property=\"og:image\" content=\"https:\/\/stage.zwyercaviar.com\/wp-content\/uploads\/2018\/09\/logo_zwyer_1200x630.png\" \/>\n\t<meta property=\"og:image:width\" content=\"1200\" \/>\n\t<meta property=\"og:image:height\" content=\"630\" \/>\n\t<meta property=\"og:image:type\" content=\"image\/png\" \/>\n<meta name=\"twitter:card\" content=\"summary_large_image\" \/>\n<script type=\"application\/ld+json\" class=\"yoast-schema-graph\">{\"@context\":\"https:\/\/schema.org\",\"@graph\":[{\"@type\":\"WebPage\",\"@id\":\"https:\/\/stage.zwyercaviar.com\/it\/salmone\/\",\"url\":\"https:\/\/stage.zwyercaviar.com\/it\/salmone\/\",\"name\":\"ZwyerCaviar - Salmonik - Salmone d'allevamento irlandese e scozzese\",\"isPartOf\":{\"@id\":\"https:\/\/stage.zwyercaviar.com\/it\/#website\"},\"datePublished\":\"2021-03-16T10:56:49+00:00\",\"dateModified\":\"2021-03-16T10:56:49+00:00\",\"description\":\"L'alta qualit\u00e0 di Zwyer Salmonik stabilisce nuovi standard ed \u00e8 un complemento piacevole cos\u00ec come un'alternativa a ZwyerCaviar.\",\"breadcrumb\":{\"@id\":\"https:\/\/stage.zwyercaviar.com\/it\/salmone\/#breadcrumb\"},\"inLanguage\":\"it-IT\",\"potentialAction\":[{\"@type\":\"ReadAction\",\"target\":[\"https:\/\/stage.zwyercaviar.com\/it\/salmone\/\"]}]},{\"@type\":\"BreadcrumbList\",\"@id\":\"https:\/\/stage.zwyercaviar.com\/it\/salmone\/#breadcrumb\",\"itemListElement\":[{\"@type\":\"ListItem\",\"position\":1,\"name\":\"Home\",\"item\":\"https:\/\/stage.zwyercaviar.com\/it\/\"},{\"@type\":\"ListItem\",\"position\":2,\"name\":\"Salmone\"}]},{\"@type\":\"WebSite\",\"@id\":\"https:\/\/stage.zwyercaviar.com\/it\/#website\",\"url\":\"https:\/\/stage.zwyercaviar.com\/it\/\",\"name\":\"ZwyerCaviar\",\"description\":\"Spitzenkaviar\",\"publisher\":{\"@id\":\"https:\/\/stage.zwyercaviar.com\/it\/#organization\"},\"potentialAction\":[{\"@type\":\"SearchAction\",\"target\":{\"@type\":\"EntryPoint\",\"urlTemplate\":\"https:\/\/stage.zwyercaviar.com\/it\/?s={search_term_string}\"},\"query-input\":\"required name=search_term_string\"}],\"inLanguage\":\"it-IT\"},{\"@type\":\"Organization\",\"@id\":\"https:\/\/stage.zwyercaviar.com\/it\/#organization\",\"name\":\"ZwyerCaviar\",\"url\":\"https:\/\/stage.zwyercaviar.com\/it\/\",\"logo\":{\"@type\":\"ImageObject\",\"inLanguage\":\"it-IT\",\"@id\":\"https:\/\/stage.zwyercaviar.com\/it\/#\/schema\/logo\/image\/\",\"url\":\"https:\/\/stage.zwyercaviar.com\/wp-content\/uploads\/2018\/08\/logo_zwyer_black-600.png\",\"contentUrl\":\"https:\/\/stage.zwyercaviar.com\/wp-content\/uploads\/2018\/08\/logo_zwyer_black-600.png\",\"width\":600,\"height\":558,\"caption\":\"ZwyerCaviar\"},\"image\":{\"@id\":\"https:\/\/stage.zwyercaviar.com\/it\/#\/schema\/logo\/image\/\"},\"sameAs\":[\"https:\/\/www.facebook.com\/zwyercaviarag\/\",\"https:\/\/www.instagram.com\/zwyercaviarag\/\",\"https:\/\/www.pinterest.de\/zwyercaviarag\/\",\"https:\/\/www.youtube.com\/channel\/UCuy8ou40eCvgu4YKnzPqhpw?view_as=subscriber\"]}]}<\/script>\n<!-- \/ Yoast SEO plugin. -->","yoast_head_json":{"title":"ZwyerCaviar - Salmonik - Salmone d'allevamento irlandese e scozzese","description":"L'alta qualit\u00e0 di Zwyer Salmonik stabilisce nuovi standard ed \u00e8 un complemento piacevole cos\u00ec come un'alternativa a ZwyerCaviar.","robots":{"index":"index","follow":"follow","max-snippet":"max-snippet:-1","max-image-preview":"max-image-preview:large","max-video-preview":"max-video-preview:-1"},"canonical":"https:\/\/stage.zwyercaviar.com\/it\/salmone\/","og_locale":"it_IT","og_type":"article","og_title":"ZwyerCaviar - Salmonik - Salmone d'allevamento irlandese e scozzese","og_description":"L'alta qualit\u00e0 di Zwyer Salmonik stabilisce nuovi standard ed \u00e8 un complemento piacevole cos\u00ec come un'alternativa a ZwyerCaviar.","og_url":"https:\/\/stage.zwyercaviar.com\/it\/salmone\/","og_site_name":"ZwyerCaviar","article_publisher":"https:\/\/www.facebook.com\/zwyercaviarag\/","og_image":[{"width":1200,"height":630,"url":"https:\/\/stage.zwyercaviar.com\/wp-content\/uploads\/2018\/09\/logo_zwyer_1200x630.png","type":"image\/png"}],"twitter_card":"summary_large_image","schema":{"@context":"https:\/\/schema.org","@graph":[{"@type":"WebPage","@id":"https:\/\/stage.zwyercaviar.com\/it\/salmone\/","url":"https:\/\/stage.zwyercaviar.com\/it\/salmone\/","name":"ZwyerCaviar - Salmonik - Salmone d'allevamento irlandese e scozzese","isPartOf":{"@id":"https:\/\/stage.zwyercaviar.com\/it\/#website"},"datePublished":"2021-03-16T10:56:49+00:00","dateModified":"2021-03-16T10:56:49+00:00","description":"L'alta qualit\u00e0 di Zwyer Salmonik stabilisce nuovi standard ed \u00e8 un complemento piacevole cos\u00ec come un'alternativa a ZwyerCaviar.","breadcrumb":{"@id":"https:\/\/stage.zwyercaviar.com\/it\/salmone\/#breadcrumb"},"inLanguage":"it-IT","potentialAction":[{"@type":"ReadAction","target":["https:\/\/stage.zwyercaviar.com\/it\/salmone\/"]}]},{"@type":"BreadcrumbList","@id":"https:\/\/stage.zwyercaviar.com\/it\/salmone\/#breadcrumb","itemListElement":[{"@type":"ListItem","position":1,"name":"Home","item":"https:\/\/stage.zwyercaviar.com\/it\/"},{"@type":"ListItem","position":2,"name":"Salmone"}]},{"@type":"WebSite","@id":"https:\/\/stage.zwyercaviar.com\/it\/#website","url":"https:\/\/stage.zwyercaviar.com\/it\/","name":"ZwyerCaviar","description":"Spitzenkaviar","publisher":{"@id":"https:\/\/stage.zwyercaviar.com\/it\/#organization"},"potentialAction":[{"@type":"SearchAction","target":{"@type":"EntryPoint","urlTemplate":"https:\/\/stage.zwyercaviar.com\/it\/?s={search_term_string}"},"query-input":"required name=search_term_string"}],"inLanguage":"it-IT"},{"@type":"Organization","@id":"https:\/\/stage.zwyercaviar.com\/it\/#organization","name":"ZwyerCaviar","url":"https:\/\/stage.zwyercaviar.com\/it\/","logo":{"@type":"ImageObject","inLanguage":"it-IT","@id":"https:\/\/stage.zwyercaviar.com\/it\/#\/schema\/logo\/image\/","url":"https:\/\/stage.zwyercaviar.com\/wp-content\/uploads\/2018\/08\/logo_zwyer_black-600.png","contentUrl":"https:\/\/stage.zwyercaviar.com\/wp-content\/uploads\/2018\/08\/logo_zwyer_black-600.png","width":600,"height":558,"caption":"ZwyerCaviar"},"image":{"@id":"https:\/\/stage.zwyercaviar.com\/it\/#\/schema\/logo\/image\/"},"sameAs":["https:\/\/www.facebook.com\/zwyercaviarag\/","https:\/\/www.instagram.com\/zwyercaviarag\/","https:\/\/www.pinterest.de\/zwyercaviarag\/","https:\/\/www.youtube.com\/channel\/UCuy8ou40eCvgu4YKnzPqhpw?view_as=subscriber"]}]}},"_links":{"self":[{"href":"https:\/\/stage.zwyercaviar.com\/it\/wp-json\/wp\/v2\/pages\/4500"}],"collection":[{"href":"https:\/\/stage.zwyercaviar.com\/it\/wp-json\/wp\/v2\/pages"}],"about":[{"href":"https:\/\/stage.zwyercaviar.com\/it\/wp-json\/wp\/v2\/types\/page"}],"author":[{"embeddable":true,"href":"https:\/\/stage.zwyercaviar.com\/it\/wp-json\/wp\/v2\/users\/1"}],"replies":[{"embeddable":true,"href":"https:\/\/stage.zwyercaviar.com\/it\/wp-json\/wp\/v2\/comments?post=4500"}],"version-history":[{"count":0,"href":"https:\/\/stage.zwyercaviar.com\/it\/wp-json\/wp\/v2\/pages\/4500\/revisions"}],"wp:attachment":[{"href":"https:\/\/stage.zwyercaviar.com\/it\/wp-json\/wp\/v2\/media?parent=4500"}],"curies":[{"name":"wp","href":"https:\/\/api.w.org\/{rel}","templated":true}]}}